{"id":504,"date":"2021-09-27T18:33:56","date_gmt":"2021-09-27T16:33:56","guid":{"rendered":"https:\/\/vannerum.be\/helicopters\/"},"modified":"2021-09-29T11:14:53","modified_gmt":"2021-09-29T09:14:53","slug":"helicopters","status":"publish","type":"page","link":"https:\/\/vannerum.be\/fr\/helicopters\/","title":{"rendered":"Helicopters"},"content":{"rendered":"<h4>PERSONALIZED HELICOTPERS<\/h4>\n<p>HELIPOINT BRUSSELS est sp\u00e9cialis\u00e9 dans la personnalisation d\u2019h\u00e9licopt\u00e8res. Cela signifie que nous adaptons enti\u00e8rement \u00e0 vos besoins vos h\u00e9licopt\u00e8res, nouveaux ou d\u2019occasion. Les sp\u00e9cialistes d\u2019HELIPOINT BRUSSELS ont d\u00e9j\u00e0 25 ans d\u2019exp\u00e9rience dans le laquage de voitures et se sont \u00e0 pr\u00e9sent \u00e9galement consacr\u00e9s aux h\u00e9licopt\u00e8res. Nous vous proposons des conseils professionnels en termes de design et de couleurs, sans perdre de vue votre opinion personnelle. Une primeur en Belgique sur le plan de l\u2019exp\u00e9rience, de la qualit\u00e9, de la finition et du suivi. Apr\u00e8s un premier entretien d\u2019exploration, quelques propositions sont couch\u00e9es sur papier et ensuite \u00e9labor\u00e9es plus en d\u00e9tail gr\u00e2ce \u00e0 une simulation informatique et un \u00e9chantillon de couleur. Vous avez donc chez nous l\u2019assurance d\u2019un professionnalisme d\u2019avant-garde et de la perfection technologique.<\/p>\n<h4>SIGHTSEEING \u2013 FIRST FLIGHTS \u2013 PLAISURE FLIGHTS<\/h4>\n<p>Que ce soit \u00e0 l\u2019occasion d\u2019un incentive original ou pour une excursion sympa en famille, un bapt\u00eame de l\u2019air laisse toujours un souvenir inoubliable.<\/p>\n<h4>AERIAL PHOTOGRAPHY<\/h4>\n<p>On dit souvent qu\u2019une image en dit plus long que 1000 mots. Quoi donc de plus unique qu\u2019une photo a\u00e9rienne de votre habitation, entreprise ou \u00e9v\u00e9nement\u00a0? Notre photographe professionnel fait en sorte que ce soit possible pour un prix raisonnable. Renseignez-vous sans engagement sur le package qui vous conviendrait le mieux.<\/p>\n<h4>AIR TAXI<\/h4>\n<p>Vous devez vous rendre d\u2019urgence quelque part, pour des raisons priv\u00e9es ou professionnelles\u00a0?\u00a0<strong>HELIPOINT BRUSSELS\u00a0<\/strong>veille \u00e0 ce que votre colis ou vous-m\u00eame soyez \u00e0 temps \u00e0 destination sans perte de temps dans les embouteillages ou les terminaux d\u2019a\u00e9roports. Le tout dans le respect de votre vie priv\u00e9e, de votre confort et de votre s\u00e9curit\u00e9.<\/p>\n","protected":false},"excerpt":{"rendered":"<p>PERSONALIZED HELICOTPERS HELIPOINT BRUSSELS est sp\u00e9cialis\u00e9 dans la personnalisation d\u2019h\u00e9licopt\u00e8res. Cela signifie que nous adaptons enti\u00e8rement \u00e0 vos besoins vos h\u00e9licopt\u00e8res, nouveaux ou d\u2019occasion. Les sp\u00e9cialistes d\u2019HELIPOINT BRUSSELS ont d\u00e9j\u00e0 25 ans d\u2019exp\u00e9rience dans le laquage de voitures et se sont \u00e0 pr\u00e9sent \u00e9galement consacr\u00e9s aux h\u00e9licopt\u00e8res. Nous vous proposons des conseils professionnels en termes [&hellip;]<\/p>\n","protected":false},"author":1,"featured_media":0,"parent":0,"menu_order":0,"comment_status":"closed","ping_status":"closed","template":"","meta":{"_acf_changed":false,"inline_featured_image":false,"footnotes":""},"class_list":["post-504","page","type-page","status-publish","hentry"],"acf":[],"yoast_head":"<!-- This site is optimized with the Yoast SEO plugin v27.0 - https:\/\/yoast.com\/product\/yoast-seo-wordpress\/ -->\n<title>Helicopters - Carrosserie Vannerum<\/title>\n<meta name=\"robots\" content=\"index, follow, max-snippet:-1, max-image-preview:large, max-video-preview:-1\" \/>\n<link rel=\"canonical\" href=\"https:\/\/vannerum.be\/fr\/helicopters\/\" \/>\n<meta property=\"og:locale\" content=\"fr_FR\" \/>\n<meta property=\"og:type\" content=\"article\" \/>\n<meta property=\"og:title\" content=\"Helicopters - Carrosserie Vannerum\" \/>\n<meta property=\"og:description\" content=\"PERSONALIZED HELICOTPERS HELIPOINT BRUSSELS est sp\u00e9cialis\u00e9 dans la personnalisation d\u2019h\u00e9licopt\u00e8res. Cela signifie que nous adaptons enti\u00e8rement \u00e0 vos besoins vos h\u00e9licopt\u00e8res, nouveaux ou d\u2019occasion. Les sp\u00e9cialistes d\u2019HELIPOINT BRUSSELS ont d\u00e9j\u00e0 25 ans d\u2019exp\u00e9rience dans le laquage de voitures et se sont \u00e0 pr\u00e9sent \u00e9galement consacr\u00e9s aux h\u00e9licopt\u00e8res. Nous vous proposons des conseils professionnels en termes [&hellip;]\" \/>\n<meta property=\"og:url\" content=\"https:\/\/vannerum.be\/fr\/helicopters\/\" \/>\n<meta property=\"og:site_name\" content=\"Carrosserie Vannerum\" \/>\n<meta property=\"article:publisher\" content=\"https:\/\/www.facebook.com\/Carrosserie-Vannerum-208004572550768\" \/>\n<meta property=\"article:modified_time\" content=\"2021-09-29T09:14:53+00:00\" \/>\n<meta name=\"twitter:card\" content=\"summary_large_image\" \/>\n<meta name=\"twitter:label1\" content=\"Dur\u00e9e de lecture estim\u00e9e\" \/>\n\t<meta name=\"twitter:data1\" content=\"2 minutes\" \/>\n<script type=\"application\/ld+json\" class=\"yoast-schema-graph\">{\"@context\":\"https:\/\/schema.org\",\"@graph\":[{\"@type\":\"WebPage\",\"@id\":\"https:\/\/vannerum.be\/fr\/helicopters\/\",\"url\":\"https:\/\/vannerum.be\/fr\/helicopters\/\",\"name\":\"Helicopters - Carrosserie Vannerum\",\"isPartOf\":{\"@id\":\"https:\/\/vannerum.be\/fr\/#website\"},\"datePublished\":\"2021-09-27T16:33:56+00:00\",\"dateModified\":\"2021-09-29T09:14:53+00:00\",\"breadcrumb\":{\"@id\":\"https:\/\/vannerum.be\/fr\/helicopters\/#breadcrumb\"},\"inLanguage\":\"fr-FR\",\"potentialAction\":[{\"@type\":\"ReadAction\",\"target\":[\"https:\/\/vannerum.be\/fr\/helicopters\/\"]}]},{\"@type\":\"BreadcrumbList\",\"@id\":\"https:\/\/vannerum.be\/fr\/helicopters\/#breadcrumb\",\"itemListElement\":[{\"@type\":\"ListItem\",\"position\":1,\"name\":\"Home\",\"item\":\"https:\/\/vannerum.be\/fr\/\"},{\"@type\":\"ListItem\",\"position\":2,\"name\":\"Helicopters\"}]},{\"@type\":\"WebSite\",\"@id\":\"https:\/\/vannerum.be\/fr\/#website\",\"url\":\"https:\/\/vannerum.be\/fr\/\",\"name\":\"Carrosserie Vannerum\",\"description\":\"Herstelling alle merken! Een personenwagen, een bestelwagen, een vrachtwagen, een autobus of een helikopter.  Iedereen is welkom bij ons en elk voertuig wordt volgens de regels van de kunst hersteld, en dat al meer dan 33 jaar!\",\"publisher\":{\"@id\":\"https:\/\/vannerum.be\/fr\/#organization\"},\"potentialAction\":[{\"@type\":\"SearchAction\",\"target\":{\"@type\":\"EntryPoint\",\"urlTemplate\":\"https:\/\/vannerum.be\/fr\/?s={search_term_string}\"},\"query-input\":{\"@type\":\"PropertyValueSpecification\",\"valueRequired\":true,\"valueName\":\"search_term_string\"}}],\"inLanguage\":\"fr-FR\"},{\"@type\":\"Organization\",\"@id\":\"https:\/\/vannerum.be\/fr\/#organization\",\"name\":\"Carrosserie Vannerum\",\"url\":\"https:\/\/vannerum.be\/fr\/\",\"logo\":{\"@type\":\"ImageObject\",\"inLanguage\":\"fr-FR\",\"@id\":\"https:\/\/vannerum.be\/fr\/#\/schema\/logo\/image\/\",\"url\":\"https:\/\/vannerum.be\/wp-content\/uploads\/2021\/09\/logo.png\",\"contentUrl\":\"https:\/\/vannerum.be\/wp-content\/uploads\/2021\/09\/logo.png\",\"width\":150,\"height\":150,\"caption\":\"Carrosserie Vannerum\"},\"image\":{\"@id\":\"https:\/\/vannerum.be\/fr\/#\/schema\/logo\/image\/\"},\"sameAs\":[\"https:\/\/www.facebook.com\/Carrosserie-Vannerum-208004572550768\",\"https:\/\/www.instagram.com\/carrosserievannerum\/\"]}]}<\/script>\n<!-- \/ Yoast SEO plugin. -->","yoast_head_json":{"title":"Helicopters - Carrosserie Vannerum","robots":{"index":"index","follow":"follow","max-snippet":"max-snippet:-1","max-image-preview":"max-image-preview:large","max-video-preview":"max-video-preview:-1"},"canonical":"https:\/\/vannerum.be\/fr\/helicopters\/","og_locale":"fr_FR","og_type":"article","og_title":"Helicopters - Carrosserie Vannerum","og_description":"PERSONALIZED HELICOTPERS HELIPOINT BRUSSELS est sp\u00e9cialis\u00e9 dans la personnalisation d\u2019h\u00e9licopt\u00e8res. Cela signifie que nous adaptons enti\u00e8rement \u00e0 vos besoins vos h\u00e9licopt\u00e8res, nouveaux ou d\u2019occasion. Les sp\u00e9cialistes d\u2019HELIPOINT BRUSSELS ont d\u00e9j\u00e0 25 ans d\u2019exp\u00e9rience dans le laquage de voitures et se sont \u00e0 pr\u00e9sent \u00e9galement consacr\u00e9s aux h\u00e9licopt\u00e8res. Nous vous proposons des conseils professionnels en termes [&hellip;]","og_url":"https:\/\/vannerum.be\/fr\/helicopters\/","og_site_name":"Carrosserie Vannerum","article_publisher":"https:\/\/www.facebook.com\/Carrosserie-Vannerum-208004572550768","article_modified_time":"2021-09-29T09:14:53+00:00","twitter_card":"summary_large_image","twitter_misc":{"Dur\u00e9e de lecture estim\u00e9e":"2 minutes"},"schema":{"@context":"https:\/\/schema.org","@graph":[{"@type":"WebPage","@id":"https:\/\/vannerum.be\/fr\/helicopters\/","url":"https:\/\/vannerum.be\/fr\/helicopters\/","name":"Helicopters - Carrosserie Vannerum","isPartOf":{"@id":"https:\/\/vannerum.be\/fr\/#website"},"datePublished":"2021-09-27T16:33:56+00:00","dateModified":"2021-09-29T09:14:53+00:00","breadcrumb":{"@id":"https:\/\/vannerum.be\/fr\/helicopters\/#breadcrumb"},"inLanguage":"fr-FR","potentialAction":[{"@type":"ReadAction","target":["https:\/\/vannerum.be\/fr\/helicopters\/"]}]},{"@type":"BreadcrumbList","@id":"https:\/\/vannerum.be\/fr\/helicopters\/#breadcrumb","itemListElement":[{"@type":"ListItem","position":1,"name":"Home","item":"https:\/\/vannerum.be\/fr\/"},{"@type":"ListItem","position":2,"name":"Helicopters"}]},{"@type":"WebSite","@id":"https:\/\/vannerum.be\/fr\/#website","url":"https:\/\/vannerum.be\/fr\/","name":"Carrosserie Vannerum","description":"Herstelling alle merken! Een personenwagen, een bestelwagen, een vrachtwagen, een autobus of een helikopter.  Iedereen is welkom bij ons en elk voertuig wordt volgens de regels van de kunst hersteld, en dat al meer dan 33 jaar!","publisher":{"@id":"https:\/\/vannerum.be\/fr\/#organization"},"potentialAction":[{"@type":"SearchAction","target":{"@type":"EntryPoint","urlTemplate":"https:\/\/vannerum.be\/fr\/?s={search_term_string}"},"query-input":{"@type":"PropertyValueSpecification","valueRequired":true,"valueName":"search_term_string"}}],"inLanguage":"fr-FR"},{"@type":"Organization","@id":"https:\/\/vannerum.be\/fr\/#organization","name":"Carrosserie Vannerum","url":"https:\/\/vannerum.be\/fr\/","logo":{"@type":"ImageObject","inLanguage":"fr-FR","@id":"https:\/\/vannerum.be\/fr\/#\/schema\/logo\/image\/","url":"https:\/\/vannerum.be\/wp-content\/uploads\/2021\/09\/logo.png","contentUrl":"https:\/\/vannerum.be\/wp-content\/uploads\/2021\/09\/logo.png","width":150,"height":150,"caption":"Carrosserie Vannerum"},"image":{"@id":"https:\/\/vannerum.be\/fr\/#\/schema\/logo\/image\/"},"sameAs":["https:\/\/www.facebook.com\/Carrosserie-Vannerum-208004572550768","https:\/\/www.instagram.com\/carrosserievannerum\/"]}]}},"_links":{"self":[{"href":"https:\/\/vannerum.be\/fr\/wp-json\/wp\/v2\/pages\/504","targetHints":{"allow":["GET"]}}],"collection":[{"href":"https:\/\/vannerum.be\/fr\/wp-json\/wp\/v2\/pages"}],"about":[{"href":"https:\/\/vannerum.be\/fr\/wp-json\/wp\/v2\/types\/page"}],"author":[{"embeddable":true,"href":"https:\/\/vannerum.be\/fr\/wp-json\/wp\/v2\/users\/1"}],"replies":[{"embeddable":true,"href":"https:\/\/vannerum.be\/fr\/wp-json\/wp\/v2\/comments?post=504"}],"version-history":[{"count":0,"href":"https:\/\/vannerum.be\/fr\/wp-json\/wp\/v2\/pages\/504\/revisions"}],"wp:attachment":[{"href":"https:\/\/vannerum.be\/fr\/wp-json\/wp\/v2\/media?parent=504"}],"curies":[{"name":"wp","href":"https:\/\/api.w.org\/{rel}","templated":true}]}}