{"id":500,"date":"2021-09-27T18:34:38","date_gmt":"2021-09-27T16:34:38","guid":{"rendered":"https:\/\/vannerum.be\/cars\/"},"modified":"2021-09-29T11:13:37","modified_gmt":"2021-09-29T09:13:37","slug":"cars","status":"publish","type":"page","link":"https:\/\/vannerum.be\/fr\/cars\/","title":{"rendered":"Cars"},"content":{"rendered":"<p>Moyen de transport pour certains, une voiture est un gagne-pain pour d\u2019autres voire un symbole de prestige pour certains. Quelle que soit la valeur que votre voiture rev\u00eat \u00e0 vos yeux, nous la r\u00e9parerons avec le m\u00eame d\u00e9vouement et le m\u00eame savoir-faire.<\/p>\n<p>Tout le monde est le bienvenu \u00e0 la Carrosserie Vannerum.<br \/>\nNous sommes agr\u00e9\u00e9s par toutes les compagnies d\u2019assurances et \u00e9galement par quelques grandes soci\u00e9t\u00e9s de leasing. M\u00eame pour les dommages qui ne sont pas couverts par l\u2019assurance, nous vous \u00e9tablirons avec plaisir un devis honn\u00eate. Laissez-vous convaincre par notre professionnalisme et contactez-nous.<\/p>\n","protected":false},"excerpt":{"rendered":"<p>Moyen de transport pour certains, une voiture est un gagne-pain pour d\u2019autres voire un symbole de prestige pour certains. Quelle que soit la valeur que votre voiture rev\u00eat \u00e0 vos yeux, nous la r\u00e9parerons avec le m\u00eame d\u00e9vouement et le m\u00eame savoir-faire. Tout le monde est le bienvenu \u00e0 la Carrosserie Vannerum. Nous sommes agr\u00e9\u00e9s [&hellip;]<\/p>\n","protected":false},"author":1,"featured_media":0,"parent":0,"menu_order":0,"comment_status":"closed","ping_status":"closed","template":"","meta":{"_acf_changed":false,"inline_featured_image":false,"footnotes":""},"class_list":["post-500","page","type-page","status-publish","hentry"],"acf":[],"yoast_head":"<!-- This site is optimized with the Yoast SEO plugin v27.0 - https:\/\/yoast.com\/product\/yoast-seo-wordpress\/ -->\n<title>Cars - Carrosserie Vannerum<\/title>\n<meta name=\"robots\" content=\"index, follow, max-snippet:-1, max-image-preview:large, max-video-preview:-1\" \/>\n<link rel=\"canonical\" href=\"https:\/\/vannerum.be\/fr\/cars\/\" \/>\n<meta property=\"og:locale\" content=\"fr_FR\" \/>\n<meta property=\"og:type\" content=\"article\" \/>\n<meta property=\"og:title\" content=\"Cars - Carrosserie Vannerum\" \/>\n<meta property=\"og:description\" content=\"Moyen de transport pour certains, une voiture est un gagne-pain pour d\u2019autres voire un symbole de prestige pour certains. Quelle que soit la valeur que votre voiture rev\u00eat \u00e0 vos yeux, nous la r\u00e9parerons avec le m\u00eame d\u00e9vouement et le m\u00eame savoir-faire. Tout le monde est le bienvenu \u00e0 la Carrosserie Vannerum. Nous sommes agr\u00e9\u00e9s [&hellip;]\" \/>\n<meta property=\"og:url\" content=\"https:\/\/vannerum.be\/fr\/cars\/\" \/>\n<meta property=\"og:site_name\" content=\"Carrosserie Vannerum\" \/>\n<meta property=\"article:publisher\" content=\"https:\/\/www.facebook.com\/Carrosserie-Vannerum-208004572550768\" \/>\n<meta property=\"article:modified_time\" content=\"2021-09-29T09:13:37+00:00\" \/>\n<meta name=\"twitter:card\" content=\"summary_large_image\" \/>\n<meta name=\"twitter:label1\" content=\"Dur\u00e9e de lecture estim\u00e9e\" \/>\n\t<meta name=\"twitter:data1\" content=\"1 minute\" \/>\n<script type=\"application\/ld+json\" class=\"yoast-schema-graph\">{\"@context\":\"https:\/\/schema.org\",\"@graph\":[{\"@type\":\"WebPage\",\"@id\":\"https:\/\/vannerum.be\/fr\/cars\/\",\"url\":\"https:\/\/vannerum.be\/fr\/cars\/\",\"name\":\"Cars - Carrosserie Vannerum\",\"isPartOf\":{\"@id\":\"https:\/\/vannerum.be\/fr\/#website\"},\"datePublished\":\"2021-09-27T16:34:38+00:00\",\"dateModified\":\"2021-09-29T09:13:37+00:00\",\"breadcrumb\":{\"@id\":\"https:\/\/vannerum.be\/fr\/cars\/#breadcrumb\"},\"inLanguage\":\"fr-FR\",\"potentialAction\":[{\"@type\":\"ReadAction\",\"target\":[\"https:\/\/vannerum.be\/fr\/cars\/\"]}]},{\"@type\":\"BreadcrumbList\",\"@id\":\"https:\/\/vannerum.be\/fr\/cars\/#breadcrumb\",\"itemListElement\":[{\"@type\":\"ListItem\",\"position\":1,\"name\":\"Home\",\"item\":\"https:\/\/vannerum.be\/fr\/\"},{\"@type\":\"ListItem\",\"position\":2,\"name\":\"Cars\"}]},{\"@type\":\"WebSite\",\"@id\":\"https:\/\/vannerum.be\/fr\/#website\",\"url\":\"https:\/\/vannerum.be\/fr\/\",\"name\":\"Carrosserie Vannerum\",\"description\":\"Herstelling alle merken! Een personenwagen, een bestelwagen, een vrachtwagen, een autobus of een helikopter.  Iedereen is welkom bij ons en elk voertuig wordt volgens de regels van de kunst hersteld, en dat al meer dan 33 jaar!\",\"publisher\":{\"@id\":\"https:\/\/vannerum.be\/fr\/#organization\"},\"potentialAction\":[{\"@type\":\"SearchAction\",\"target\":{\"@type\":\"EntryPoint\",\"urlTemplate\":\"https:\/\/vannerum.be\/fr\/?s={search_term_string}\"},\"query-input\":{\"@type\":\"PropertyValueSpecification\",\"valueRequired\":true,\"valueName\":\"search_term_string\"}}],\"inLanguage\":\"fr-FR\"},{\"@type\":\"Organization\",\"@id\":\"https:\/\/vannerum.be\/fr\/#organization\",\"name\":\"Carrosserie Vannerum\",\"url\":\"https:\/\/vannerum.be\/fr\/\",\"logo\":{\"@type\":\"ImageObject\",\"inLanguage\":\"fr-FR\",\"@id\":\"https:\/\/vannerum.be\/fr\/#\/schema\/logo\/image\/\",\"url\":\"https:\/\/vannerum.be\/wp-content\/uploads\/2021\/09\/logo.png\",\"contentUrl\":\"https:\/\/vannerum.be\/wp-content\/uploads\/2021\/09\/logo.png\",\"width\":150,\"height\":150,\"caption\":\"Carrosserie Vannerum\"},\"image\":{\"@id\":\"https:\/\/vannerum.be\/fr\/#\/schema\/logo\/image\/\"},\"sameAs\":[\"https:\/\/www.facebook.com\/Carrosserie-Vannerum-208004572550768\",\"https:\/\/www.instagram.com\/carrosserievannerum\/\"]}]}<\/script>\n<!-- \/ Yoast SEO plugin. -->","yoast_head_json":{"title":"Cars - Carrosserie Vannerum","robots":{"index":"index","follow":"follow","max-snippet":"max-snippet:-1","max-image-preview":"max-image-preview:large","max-video-preview":"max-video-preview:-1"},"canonical":"https:\/\/vannerum.be\/fr\/cars\/","og_locale":"fr_FR","og_type":"article","og_title":"Cars - Carrosserie Vannerum","og_description":"Moyen de transport pour certains, une voiture est un gagne-pain pour d\u2019autres voire un symbole de prestige pour certains. Quelle que soit la valeur que votre voiture rev\u00eat \u00e0 vos yeux, nous la r\u00e9parerons avec le m\u00eame d\u00e9vouement et le m\u00eame savoir-faire. Tout le monde est le bienvenu \u00e0 la Carrosserie Vannerum. Nous sommes agr\u00e9\u00e9s [&hellip;]","og_url":"https:\/\/vannerum.be\/fr\/cars\/","og_site_name":"Carrosserie Vannerum","article_publisher":"https:\/\/www.facebook.com\/Carrosserie-Vannerum-208004572550768","article_modified_time":"2021-09-29T09:13:37+00:00","twitter_card":"summary_large_image","twitter_misc":{"Dur\u00e9e de lecture estim\u00e9e":"1 minute"},"schema":{"@context":"https:\/\/schema.org","@graph":[{"@type":"WebPage","@id":"https:\/\/vannerum.be\/fr\/cars\/","url":"https:\/\/vannerum.be\/fr\/cars\/","name":"Cars - Carrosserie Vannerum","isPartOf":{"@id":"https:\/\/vannerum.be\/fr\/#website"},"datePublished":"2021-09-27T16:34:38+00:00","dateModified":"2021-09-29T09:13:37+00:00","breadcrumb":{"@id":"https:\/\/vannerum.be\/fr\/cars\/#breadcrumb"},"inLanguage":"fr-FR","potentialAction":[{"@type":"ReadAction","target":["https:\/\/vannerum.be\/fr\/cars\/"]}]},{"@type":"BreadcrumbList","@id":"https:\/\/vannerum.be\/fr\/cars\/#breadcrumb","itemListElement":[{"@type":"ListItem","position":1,"name":"Home","item":"https:\/\/vannerum.be\/fr\/"},{"@type":"ListItem","position":2,"name":"Cars"}]},{"@type":"WebSite","@id":"https:\/\/vannerum.be\/fr\/#website","url":"https:\/\/vannerum.be\/fr\/","name":"Carrosserie Vannerum","description":"Herstelling alle merken! Een personenwagen, een bestelwagen, een vrachtwagen, een autobus of een helikopter.  Iedereen is welkom bij ons en elk voertuig wordt volgens de regels van de kunst hersteld, en dat al meer dan 33 jaar!","publisher":{"@id":"https:\/\/vannerum.be\/fr\/#organization"},"potentialAction":[{"@type":"SearchAction","target":{"@type":"EntryPoint","urlTemplate":"https:\/\/vannerum.be\/fr\/?s={search_term_string}"},"query-input":{"@type":"PropertyValueSpecification","valueRequired":true,"valueName":"search_term_string"}}],"inLanguage":"fr-FR"},{"@type":"Organization","@id":"https:\/\/vannerum.be\/fr\/#organization","name":"Carrosserie Vannerum","url":"https:\/\/vannerum.be\/fr\/","logo":{"@type":"ImageObject","inLanguage":"fr-FR","@id":"https:\/\/vannerum.be\/fr\/#\/schema\/logo\/image\/","url":"https:\/\/vannerum.be\/wp-content\/uploads\/2021\/09\/logo.png","contentUrl":"https:\/\/vannerum.be\/wp-content\/uploads\/2021\/09\/logo.png","width":150,"height":150,"caption":"Carrosserie Vannerum"},"image":{"@id":"https:\/\/vannerum.be\/fr\/#\/schema\/logo\/image\/"},"sameAs":["https:\/\/www.facebook.com\/Carrosserie-Vannerum-208004572550768","https:\/\/www.instagram.com\/carrosserievannerum\/"]}]}},"_links":{"self":[{"href":"https:\/\/vannerum.be\/fr\/wp-json\/wp\/v2\/pages\/500","targetHints":{"allow":["GET"]}}],"collection":[{"href":"https:\/\/vannerum.be\/fr\/wp-json\/wp\/v2\/pages"}],"about":[{"href":"https:\/\/vannerum.be\/fr\/wp-json\/wp\/v2\/types\/page"}],"author":[{"embeddable":true,"href":"https:\/\/vannerum.be\/fr\/wp-json\/wp\/v2\/users\/1"}],"replies":[{"embeddable":true,"href":"https:\/\/vannerum.be\/fr\/wp-json\/wp\/v2\/comments?post=500"}],"version-history":[{"count":0,"href":"https:\/\/vannerum.be\/fr\/wp-json\/wp\/v2\/pages\/500\/revisions"}],"wp:attachment":[{"href":"https:\/\/vannerum.be\/fr\/wp-json\/wp\/v2\/media?parent=500"}],"curies":[{"name":"wp","href":"https:\/\/api.w.org\/{rel}","templated":true}]}}