{"id":491,"date":"2021-09-27T14:15:59","date_gmt":"2021-09-27T12:15:59","guid":{"rendered":"https:\/\/vannerum.be\/herstellingen\/"},"modified":"2021-09-29T11:16:24","modified_gmt":"2021-09-29T09:16:24","slug":"reparations","status":"publish","type":"page","link":"https:\/\/vannerum.be\/fr\/reparations\/","title":{"rendered":"r\u00e9parations"},"content":{"rendered":"<p>Vous pouvez vous adresser \u00e0 nous pour toutes vos r\u00e9parations de carrosserie. Petite griffe sur le pare-chocs, jante endommag\u00e9e par une bordure, aile arri\u00e8re emboutie, pare-brise fissur\u00e9, t\u00eate-\u00e0-queue violent, d\u00e9g\u00e2ts occasionn\u00e9s par la gr\u00eale, petit coup dans la porti\u00e8re\u00a0: nous sommes habitu\u00e9s \u00e0 tout et garantissons une r\u00e9paration irr\u00e9prochable dans tous les cas de figure.<\/p>\n<p>Non seulement pour les voitures de tourisme, mais aussi pour les v\u00e9hicules utilitaires, les camions et les autobus. Nous r\u00e9parons \u00e9galement les h\u00e9licopt\u00e8res.<br \/>\nVous trouverez sur les pages respectives des photos de nos r\u00e9parations.<br \/>\nNous pouvons \u00e9galement vous \u00e9tablir un devis honn\u00eate pour les dommages qui ne sont pas couverts par l\u2019assurance. Laissez-vous convaincre par notre professionnalisme et contactez-nous.<\/p>\n<p>.<\/p>\n<h2>CVM en chiffres<\/h2>\n<ul>\n<li>1 cabine XXL pour les camions, autobus et h\u00e9licopt\u00e8res<\/li>\n<li>14 zones de pr\u00e9paration<\/li>\n<li>5 cabines de peinture pour voitures<\/li>\n<li>1 cabine de peinture infrarouge flydry<\/li>\n<li>1 portique de lavage automatique<\/li>\n<li>Alignement 4D<\/li>\n<\/ul>\n","protected":false},"excerpt":{"rendered":"<p>Vous pouvez vous adresser \u00e0 nous pour toutes vos r\u00e9parations de carrosserie. Petite griffe sur le pare-chocs, jante endommag\u00e9e par une bordure, aile arri\u00e8re emboutie, pare-brise fissur\u00e9, t\u00eate-\u00e0-queue violent, d\u00e9g\u00e2ts occasionn\u00e9s par la gr\u00eale, petit coup dans la porti\u00e8re\u00a0: nous sommes habitu\u00e9s \u00e0 tout et garantissons une r\u00e9paration irr\u00e9prochable dans tous les cas de figure. [&hellip;]<\/p>\n","protected":false},"author":1,"featured_media":0,"parent":0,"menu_order":0,"comment_status":"closed","ping_status":"closed","template":"","meta":{"_acf_changed":false,"inline_featured_image":false,"footnotes":""},"class_list":["post-491","page","type-page","status-publish","hentry"],"acf":[],"yoast_head":"<!-- This site is optimized with the Yoast SEO plugin v27.0 - https:\/\/yoast.com\/product\/yoast-seo-wordpress\/ -->\n<title>r\u00e9parations - Carrosserie Vannerum<\/title>\n<meta name=\"robots\" content=\"index, follow, max-snippet:-1, max-image-preview:large, max-video-preview:-1\" \/>\n<link rel=\"canonical\" href=\"https:\/\/vannerum.be\/fr\/reparations\/\" \/>\n<meta property=\"og:locale\" content=\"fr_FR\" \/>\n<meta property=\"og:type\" content=\"article\" \/>\n<meta property=\"og:title\" content=\"r\u00e9parations - Carrosserie Vannerum\" \/>\n<meta property=\"og:description\" content=\"Vous pouvez vous adresser \u00e0 nous pour toutes vos r\u00e9parations de carrosserie. Petite griffe sur le pare-chocs, jante endommag\u00e9e par une bordure, aile arri\u00e8re emboutie, pare-brise fissur\u00e9, t\u00eate-\u00e0-queue violent, d\u00e9g\u00e2ts occasionn\u00e9s par la gr\u00eale, petit coup dans la porti\u00e8re\u00a0: nous sommes habitu\u00e9s \u00e0 tout et garantissons une r\u00e9paration irr\u00e9prochable dans tous les cas de figure. [&hellip;]\" \/>\n<meta property=\"og:url\" content=\"https:\/\/vannerum.be\/fr\/reparations\/\" \/>\n<meta property=\"og:site_name\" content=\"Carrosserie Vannerum\" \/>\n<meta property=\"article:publisher\" content=\"https:\/\/www.facebook.com\/Carrosserie-Vannerum-208004572550768\" \/>\n<meta property=\"article:modified_time\" content=\"2021-09-29T09:16:24+00:00\" \/>\n<meta name=\"twitter:card\" content=\"summary_large_image\" \/>\n<meta name=\"twitter:label1\" content=\"Dur\u00e9e de lecture estim\u00e9e\" \/>\n\t<meta name=\"twitter:data1\" content=\"1 minute\" \/>\n<script type=\"application\/ld+json\" class=\"yoast-schema-graph\">{\"@context\":\"https:\/\/schema.org\",\"@graph\":[{\"@type\":\"WebPage\",\"@id\":\"https:\/\/vannerum.be\/fr\/reparations\/\",\"url\":\"https:\/\/vannerum.be\/fr\/reparations\/\",\"name\":\"r\u00e9parations - Carrosserie Vannerum\",\"isPartOf\":{\"@id\":\"https:\/\/vannerum.be\/fr\/#website\"},\"datePublished\":\"2021-09-27T12:15:59+00:00\",\"dateModified\":\"2021-09-29T09:16:24+00:00\",\"breadcrumb\":{\"@id\":\"https:\/\/vannerum.be\/fr\/reparations\/#breadcrumb\"},\"inLanguage\":\"fr-FR\",\"potentialAction\":[{\"@type\":\"ReadAction\",\"target\":[\"https:\/\/vannerum.be\/fr\/reparations\/\"]}]},{\"@type\":\"BreadcrumbList\",\"@id\":\"https:\/\/vannerum.be\/fr\/reparations\/#breadcrumb\",\"itemListElement\":[{\"@type\":\"ListItem\",\"position\":1,\"name\":\"Home\",\"item\":\"https:\/\/vannerum.be\/fr\/\"},{\"@type\":\"ListItem\",\"position\":2,\"name\":\"r\u00e9parations\"}]},{\"@type\":\"WebSite\",\"@id\":\"https:\/\/vannerum.be\/fr\/#website\",\"url\":\"https:\/\/vannerum.be\/fr\/\",\"name\":\"Carrosserie Vannerum\",\"description\":\"Herstelling alle merken! Een personenwagen, een bestelwagen, een vrachtwagen, een autobus of een helikopter.  Iedereen is welkom bij ons en elk voertuig wordt volgens de regels van de kunst hersteld, en dat al meer dan 33 jaar!\",\"publisher\":{\"@id\":\"https:\/\/vannerum.be\/fr\/#organization\"},\"potentialAction\":[{\"@type\":\"SearchAction\",\"target\":{\"@type\":\"EntryPoint\",\"urlTemplate\":\"https:\/\/vannerum.be\/fr\/?s={search_term_string}\"},\"query-input\":{\"@type\":\"PropertyValueSpecification\",\"valueRequired\":true,\"valueName\":\"search_term_string\"}}],\"inLanguage\":\"fr-FR\"},{\"@type\":\"Organization\",\"@id\":\"https:\/\/vannerum.be\/fr\/#organization\",\"name\":\"Carrosserie Vannerum\",\"url\":\"https:\/\/vannerum.be\/fr\/\",\"logo\":{\"@type\":\"ImageObject\",\"inLanguage\":\"fr-FR\",\"@id\":\"https:\/\/vannerum.be\/fr\/#\/schema\/logo\/image\/\",\"url\":\"https:\/\/vannerum.be\/wp-content\/uploads\/2021\/09\/logo.png\",\"contentUrl\":\"https:\/\/vannerum.be\/wp-content\/uploads\/2021\/09\/logo.png\",\"width\":150,\"height\":150,\"caption\":\"Carrosserie Vannerum\"},\"image\":{\"@id\":\"https:\/\/vannerum.be\/fr\/#\/schema\/logo\/image\/\"},\"sameAs\":[\"https:\/\/www.facebook.com\/Carrosserie-Vannerum-208004572550768\",\"https:\/\/www.instagram.com\/carrosserievannerum\/\"]}]}<\/script>\n<!-- \/ Yoast SEO plugin. -->","yoast_head_json":{"title":"r\u00e9parations - Carrosserie Vannerum","robots":{"index":"index","follow":"follow","max-snippet":"max-snippet:-1","max-image-preview":"max-image-preview:large","max-video-preview":"max-video-preview:-1"},"canonical":"https:\/\/vannerum.be\/fr\/reparations\/","og_locale":"fr_FR","og_type":"article","og_title":"r\u00e9parations - Carrosserie Vannerum","og_description":"Vous pouvez vous adresser \u00e0 nous pour toutes vos r\u00e9parations de carrosserie. Petite griffe sur le pare-chocs, jante endommag\u00e9e par une bordure, aile arri\u00e8re emboutie, pare-brise fissur\u00e9, t\u00eate-\u00e0-queue violent, d\u00e9g\u00e2ts occasionn\u00e9s par la gr\u00eale, petit coup dans la porti\u00e8re\u00a0: nous sommes habitu\u00e9s \u00e0 tout et garantissons une r\u00e9paration irr\u00e9prochable dans tous les cas de figure. [&hellip;]","og_url":"https:\/\/vannerum.be\/fr\/reparations\/","og_site_name":"Carrosserie Vannerum","article_publisher":"https:\/\/www.facebook.com\/Carrosserie-Vannerum-208004572550768","article_modified_time":"2021-09-29T09:16:24+00:00","twitter_card":"summary_large_image","twitter_misc":{"Dur\u00e9e de lecture estim\u00e9e":"1 minute"},"schema":{"@context":"https:\/\/schema.org","@graph":[{"@type":"WebPage","@id":"https:\/\/vannerum.be\/fr\/reparations\/","url":"https:\/\/vannerum.be\/fr\/reparations\/","name":"r\u00e9parations - Carrosserie Vannerum","isPartOf":{"@id":"https:\/\/vannerum.be\/fr\/#website"},"datePublished":"2021-09-27T12:15:59+00:00","dateModified":"2021-09-29T09:16:24+00:00","breadcrumb":{"@id":"https:\/\/vannerum.be\/fr\/reparations\/#breadcrumb"},"inLanguage":"fr-FR","potentialAction":[{"@type":"ReadAction","target":["https:\/\/vannerum.be\/fr\/reparations\/"]}]},{"@type":"BreadcrumbList","@id":"https:\/\/vannerum.be\/fr\/reparations\/#breadcrumb","itemListElement":[{"@type":"ListItem","position":1,"name":"Home","item":"https:\/\/vannerum.be\/fr\/"},{"@type":"ListItem","position":2,"name":"r\u00e9parations"}]},{"@type":"WebSite","@id":"https:\/\/vannerum.be\/fr\/#website","url":"https:\/\/vannerum.be\/fr\/","name":"Carrosserie Vannerum","description":"Herstelling alle merken! Een personenwagen, een bestelwagen, een vrachtwagen, een autobus of een helikopter.  Iedereen is welkom bij ons en elk voertuig wordt volgens de regels van de kunst hersteld, en dat al meer dan 33 jaar!","publisher":{"@id":"https:\/\/vannerum.be\/fr\/#organization"},"potentialAction":[{"@type":"SearchAction","target":{"@type":"EntryPoint","urlTemplate":"https:\/\/vannerum.be\/fr\/?s={search_term_string}"},"query-input":{"@type":"PropertyValueSpecification","valueRequired":true,"valueName":"search_term_string"}}],"inLanguage":"fr-FR"},{"@type":"Organization","@id":"https:\/\/vannerum.be\/fr\/#organization","name":"Carrosserie Vannerum","url":"https:\/\/vannerum.be\/fr\/","logo":{"@type":"ImageObject","inLanguage":"fr-FR","@id":"https:\/\/vannerum.be\/fr\/#\/schema\/logo\/image\/","url":"https:\/\/vannerum.be\/wp-content\/uploads\/2021\/09\/logo.png","contentUrl":"https:\/\/vannerum.be\/wp-content\/uploads\/2021\/09\/logo.png","width":150,"height":150,"caption":"Carrosserie Vannerum"},"image":{"@id":"https:\/\/vannerum.be\/fr\/#\/schema\/logo\/image\/"},"sameAs":["https:\/\/www.facebook.com\/Carrosserie-Vannerum-208004572550768","https:\/\/www.instagram.com\/carrosserievannerum\/"]}]}},"_links":{"self":[{"href":"https:\/\/vannerum.be\/fr\/wp-json\/wp\/v2\/pages\/491","targetHints":{"allow":["GET"]}}],"collection":[{"href":"https:\/\/vannerum.be\/fr\/wp-json\/wp\/v2\/pages"}],"about":[{"href":"https:\/\/vannerum.be\/fr\/wp-json\/wp\/v2\/types\/page"}],"author":[{"embeddable":true,"href":"https:\/\/vannerum.be\/fr\/wp-json\/wp\/v2\/users\/1"}],"replies":[{"embeddable":true,"href":"https:\/\/vannerum.be\/fr\/wp-json\/wp\/v2\/comments?post=491"}],"version-history":[{"count":0,"href":"https:\/\/vannerum.be\/fr\/wp-json\/wp\/v2\/pages\/491\/revisions"}],"wp:attachment":[{"href":"https:\/\/vannerum.be\/fr\/wp-json\/wp\/v2\/media?parent=491"}],"curies":[{"name":"wp","href":"https:\/\/api.w.org\/{rel}","templated":true}]}}