{"id":489,"date":"2021-09-27T14:14:54","date_gmt":"2021-09-27T12:14:54","guid":{"rendered":"https:\/\/vannerum.be\/service\/"},"modified":"2021-09-28T16:01:21","modified_gmt":"2021-09-28T14:01:21","slug":"service","status":"publish","type":"page","link":"https:\/\/vannerum.be\/fr\/service\/","title":{"rendered":"service"},"content":{"rendered":"<div class='content-column one_third'><p><img loading=\"lazy\" decoding=\"async\" class=\"size-medium wp-image-522 aligncenter\" src=\"https:\/\/vannerum.be\/wp-content\/uploads\/2021\/09\/gratisVVA_FR.png\" alt=\"\" width=\"185\" height=\"185\" srcset=\"https:\/\/vannerum.be\/wp-content\/uploads\/2021\/09\/gratisVVA_FR.png 185w, https:\/\/vannerum.be\/wp-content\/uploads\/2021\/09\/gratisVVA_FR-150x150.png 150w\" sizes=\"auto, (max-width: 185px) 100vw, 185px\" \/><\/p>\n<p>&nbsp;<\/p><\/div>\n<div class='content-column one_third'><p><img loading=\"lazy\" decoding=\"async\" class=\"size-full wp-image-526 aligncenter\" src=\"https:\/\/vannerum.be\/wp-content\/uploads\/2021\/09\/concierge_FR.png\" alt=\"\" width=\"185\" height=\"185\" srcset=\"https:\/\/vannerum.be\/wp-content\/uploads\/2021\/09\/concierge_FR.png 185w, https:\/\/vannerum.be\/wp-content\/uploads\/2021\/09\/concierge_FR-150x150.png 150w\" sizes=\"auto, (max-width: 185px) 100vw, 185px\" \/><\/p>\n<p>&nbsp;<\/p><\/div>\n<div class='content-column one_third last_column'><p><img loading=\"lazy\" decoding=\"async\" class=\"size-full wp-image-528 aligncenter\" src=\"https:\/\/vannerum.be\/wp-content\/uploads\/2021\/09\/WIFI_FR.png\" alt=\"\" width=\"185\" height=\"185\" srcset=\"https:\/\/vannerum.be\/wp-content\/uploads\/2021\/09\/WIFI_FR.png 185w, https:\/\/vannerum.be\/wp-content\/uploads\/2021\/09\/WIFI_FR-150x150.png 150w\" sizes=\"auto, (max-width: 185px) 100vw, 185px\" \/><\/p>\n<p>&nbsp;<\/p><\/div><div class='clear_column'><\/div>\n<p>La Carrosserie Vannerum a \u00e9t\u00e9\u00a0<strong>fond\u00e9e en 1983<\/strong>\u00a0par Marc Vannerum et Carina Carlier. L&rsquo;atelier initiale a \u00e9t\u00e9 vendu et les activit\u00e9s on \u00e9t\u00e9 transf\u00e9r\u00e9 dans un b\u00e2timent industriel situ\u00e9 \u00e0 Zellik. Ce site a d\u00e9j\u00e0 \u00e9t\u00e9 agrandi \u00e0 deux reprises.\u00a0Dans l\u2019intervalle, la Carrosserie est devenue une v\u00e9ritable\u00a0<strong>entreprise familiale<\/strong>\u00a0\u00e0 pr\u00e9sent que le fils Johan et sa fianc\u00e9e Charlotte y travaillent \u00e9galement.<\/p>\n<p>Gr\u00e2ce \u00e0 nos longues ann\u00e9es d\u2019exp\u00e9rience dans le secteur de la carrosserie, nous savons mieux que quiconque o\u00f9 se situent les priorit\u00e9s de nos clients\u00a0: la rapidit\u00e9 de la r\u00e9paration, la\u00a0<strong>perfection de la finition<\/strong>, une voiture de remplacement \u00e9quip\u00e9e de tout le confort n\u00e9cessaire et un\u00a0<strong>accueil chaleureux<\/strong>.<\/p>\n<p><strong>Le perfectionnisme<\/strong>\u00a0est le fil conducteur de notre histoire. Souvent, les clients satisfaits nous font la r\u00e9flexion que leur voiture est \u00e0 nouveau comme neuve. Pourquoi\u00a0? Parce que les dommages ont \u00e9t\u00e9 r\u00e9par\u00e9s \u00e0 la perfection, mais aussi parce que le v\u00e9hicule a \u00e9t\u00e9 nettoy\u00e9 tant \u00e0 l\u2019ext\u00e9rieur qu\u2019\u00e0 l\u2019int\u00e9rieur.<\/p>\n<p>\u00e0 la Carrosserie Vannerum, vous n\u2019\u00eates pas un num\u00e9ro. Nous sommes \u00e0 l\u2019\u00e9coute de vos besoins, souhaits et r\u00e9cits. Pour les r\u00e9parations de moindre envergure, vous pouvez prendre place dans notre salle d\u2019attente moderne \u00e9quip\u00e9e d\u2019une connexion WIFI gratuite pendant que nous nous occupons de votre v\u00e9hicule. Un petit coin pour les enfants est pr\u00e9vu \u00e9galement.<\/p>\n<p><strong>Vous preferez la bicyclette?<\/strong><\/p>\n<p>A partir du novembre 2015 vous pouvez \u00e9galement choisir un des nos v\u00e9los ergonomiques comme transport de remplacement.<\/p>\n<p>En-savoir plus de REPARER DURABLEMENT ? Jetez un coup d&rsquo;oeuil a ce\u00a0<a href=\"https:\/\/player.vimeo.com\/video\/162343849?color=c9ff23&amp;title=0&amp;byline=0&amp;portrait=0\" target=\"_blank\" rel=\"noopener\">video<\/a>!<\/p>\n<p><img loading=\"lazy\" decoding=\"async\" class=\"alignnone wp-image-209 size-medium\" src=\"https:\/\/vannerum.be\/wp-content\/uploads\/2021\/09\/IMG_9151-300x225.jpg\" alt=\"\" width=\"300\" height=\"225\" srcset=\"https:\/\/vannerum.be\/wp-content\/uploads\/2021\/09\/IMG_9151-300x225.jpg 300w, https:\/\/vannerum.be\/wp-content\/uploads\/2021\/09\/IMG_9151-1024x768.jpg 1024w, https:\/\/vannerum.be\/wp-content\/uploads\/2021\/09\/IMG_9151-768x576.jpg 768w, https:\/\/vannerum.be\/wp-content\/uploads\/2021\/09\/IMG_9151-1536x1152.jpg 1536w, https:\/\/vannerum.be\/wp-content\/uploads\/2021\/09\/IMG_9151.jpg 1600w\" sizes=\"auto, (max-width: 300px) 100vw, 300px\" \/> <img loading=\"lazy\" decoding=\"async\" class=\"alignnone wp-image-211 size-medium\" src=\"https:\/\/vannerum.be\/wp-content\/uploads\/2021\/09\/wachtruimte-300x207.jpg\" alt=\"\" width=\"300\" height=\"207\" srcset=\"https:\/\/vannerum.be\/wp-content\/uploads\/2021\/09\/wachtruimte-300x207.jpg 300w, https:\/\/vannerum.be\/wp-content\/uploads\/2021\/09\/wachtruimte-768x530.jpg 768w, https:\/\/vannerum.be\/wp-content\/uploads\/2021\/09\/wachtruimte.jpg 950w\" sizes=\"auto, (max-width: 300px) 100vw, 300px\" \/><img loading=\"lazy\" decoding=\"async\" class=\"alignnone wp-image-207 size-medium\" src=\"https:\/\/vannerum.be\/wp-content\/uploads\/2021\/09\/fiets-300x273.jpg\" alt=\"\" width=\"300\" height=\"273\" srcset=\"https:\/\/vannerum.be\/wp-content\/uploads\/2021\/09\/fiets-300x273.jpg 300w, https:\/\/vannerum.be\/wp-content\/uploads\/2021\/09\/fiets.jpg 449w\" sizes=\"auto, (max-width: 300px) 100vw, 300px\" \/><img loading=\"lazy\" decoding=\"async\" class=\"alignnone size-medium wp-image-205\" src=\"https:\/\/vannerum.be\/wp-content\/uploads\/2021\/09\/download-300x166.png\" alt=\"\" width=\"300\" height=\"166\" srcset=\"https:\/\/vannerum.be\/wp-content\/uploads\/2021\/09\/download-300x166.png 300w, https:\/\/vannerum.be\/wp-content\/uploads\/2021\/09\/download.png 302w\" sizes=\"auto, (max-width: 300px) 100vw, 300px\" \/><\/p>\n<p>On est reconnu pour tous les companies d&rsquo;assurances. <a href=\"https:\/\/vannerum.be\/fr\/erkend-hersteller\" target=\"_blank\" rel=\"noopener\">Cliquez ici<\/a> pour consulter la liste.<\/p>\n","protected":false},"excerpt":{"rendered":"<p>La Carrosserie Vannerum a \u00e9t\u00e9\u00a0fond\u00e9e en 1983\u00a0par Marc Vannerum et Carina Carlier. L&rsquo;atelier initiale a \u00e9t\u00e9 vendu et les activit\u00e9s on \u00e9t\u00e9 transf\u00e9r\u00e9 dans un b\u00e2timent industriel situ\u00e9 \u00e0 Zellik. Ce site a d\u00e9j\u00e0 \u00e9t\u00e9 agrandi \u00e0 deux reprises.\u00a0Dans l\u2019intervalle, la Carrosserie est devenue une v\u00e9ritable\u00a0entreprise familiale\u00a0\u00e0 pr\u00e9sent que le fils Johan et sa fianc\u00e9e [&hellip;]<\/p>\n","protected":false},"author":1,"featured_media":0,"parent":0,"menu_order":0,"comment_status":"closed","ping_status":"closed","template":"","meta":{"_acf_changed":false,"inline_featured_image":false,"footnotes":""},"class_list":["post-489","page","type-page","status-publish","hentry"],"acf":[],"yoast_head":"<!-- This site is optimized with the Yoast SEO plugin v27.0 - https:\/\/yoast.com\/product\/yoast-seo-wordpress\/ -->\n<title>service - Carrosserie Vannerum<\/title>\n<meta name=\"robots\" content=\"index, follow, max-snippet:-1, max-image-preview:large, max-video-preview:-1\" \/>\n<link rel=\"canonical\" href=\"https:\/\/vannerum.be\/fr\/service\/\" \/>\n<meta property=\"og:locale\" content=\"fr_FR\" \/>\n<meta property=\"og:type\" content=\"article\" \/>\n<meta property=\"og:title\" content=\"service - Carrosserie Vannerum\" \/>\n<meta property=\"og:description\" content=\"La Carrosserie Vannerum a \u00e9t\u00e9\u00a0fond\u00e9e en 1983\u00a0par Marc Vannerum et Carina Carlier. L&rsquo;atelier initiale a \u00e9t\u00e9 vendu et les activit\u00e9s on \u00e9t\u00e9 transf\u00e9r\u00e9 dans un b\u00e2timent industriel situ\u00e9 \u00e0 Zellik. Ce site a d\u00e9j\u00e0 \u00e9t\u00e9 agrandi \u00e0 deux reprises.\u00a0Dans l\u2019intervalle, la Carrosserie est devenue une v\u00e9ritable\u00a0entreprise familiale\u00a0\u00e0 pr\u00e9sent que le fils Johan et sa fianc\u00e9e [&hellip;]\" \/>\n<meta property=\"og:url\" content=\"https:\/\/vannerum.be\/fr\/service\/\" \/>\n<meta property=\"og:site_name\" content=\"Carrosserie Vannerum\" \/>\n<meta property=\"article:publisher\" content=\"https:\/\/www.facebook.com\/Carrosserie-Vannerum-208004572550768\" \/>\n<meta property=\"article:modified_time\" content=\"2021-09-28T14:01:21+00:00\" \/>\n<meta property=\"og:image\" content=\"https:\/\/vannerum.be\/wp-content\/uploads\/2021\/09\/gratisVVA_FR.png\" \/>\n<meta name=\"twitter:card\" content=\"summary_large_image\" \/>\n<meta name=\"twitter:label1\" content=\"Dur\u00e9e de lecture estim\u00e9e\" \/>\n\t<meta name=\"twitter:data1\" content=\"3 minutes\" \/>\n<script type=\"application\/ld+json\" class=\"yoast-schema-graph\">{\"@context\":\"https:\/\/schema.org\",\"@graph\":[{\"@type\":\"WebPage\",\"@id\":\"https:\/\/vannerum.be\/fr\/service\/\",\"url\":\"https:\/\/vannerum.be\/fr\/service\/\",\"name\":\"service - Carrosserie Vannerum\",\"isPartOf\":{\"@id\":\"https:\/\/vannerum.be\/fr\/#website\"},\"primaryImageOfPage\":{\"@id\":\"https:\/\/vannerum.be\/fr\/service\/#primaryimage\"},\"image\":{\"@id\":\"https:\/\/vannerum.be\/fr\/service\/#primaryimage\"},\"thumbnailUrl\":\"https:\/\/vannerum.be\/wp-content\/uploads\/2021\/09\/gratisVVA_FR.png\",\"datePublished\":\"2021-09-27T12:14:54+00:00\",\"dateModified\":\"2021-09-28T14:01:21+00:00\",\"breadcrumb\":{\"@id\":\"https:\/\/vannerum.be\/fr\/service\/#breadcrumb\"},\"inLanguage\":\"fr-FR\",\"potentialAction\":[{\"@type\":\"ReadAction\",\"target\":[\"https:\/\/vannerum.be\/fr\/service\/\"]}]},{\"@type\":\"ImageObject\",\"inLanguage\":\"fr-FR\",\"@id\":\"https:\/\/vannerum.be\/fr\/service\/#primaryimage\",\"url\":\"https:\/\/vannerum.be\/wp-content\/uploads\/2021\/09\/gratisVVA_FR.png\",\"contentUrl\":\"https:\/\/vannerum.be\/wp-content\/uploads\/2021\/09\/gratisVVA_FR.png\"},{\"@type\":\"BreadcrumbList\",\"@id\":\"https:\/\/vannerum.be\/fr\/service\/#breadcrumb\",\"itemListElement\":[{\"@type\":\"ListItem\",\"position\":1,\"name\":\"Home\",\"item\":\"https:\/\/vannerum.be\/fr\/\"},{\"@type\":\"ListItem\",\"position\":2,\"name\":\"service\"}]},{\"@type\":\"WebSite\",\"@id\":\"https:\/\/vannerum.be\/fr\/#website\",\"url\":\"https:\/\/vannerum.be\/fr\/\",\"name\":\"Carrosserie Vannerum\",\"description\":\"Herstelling alle merken! Een personenwagen, een bestelwagen, een vrachtwagen, een autobus of een helikopter.  Iedereen is welkom bij ons en elk voertuig wordt volgens de regels van de kunst hersteld, en dat al meer dan 33 jaar!\",\"publisher\":{\"@id\":\"https:\/\/vannerum.be\/fr\/#organization\"},\"potentialAction\":[{\"@type\":\"SearchAction\",\"target\":{\"@type\":\"EntryPoint\",\"urlTemplate\":\"https:\/\/vannerum.be\/fr\/?s={search_term_string}\"},\"query-input\":{\"@type\":\"PropertyValueSpecification\",\"valueRequired\":true,\"valueName\":\"search_term_string\"}}],\"inLanguage\":\"fr-FR\"},{\"@type\":\"Organization\",\"@id\":\"https:\/\/vannerum.be\/fr\/#organization\",\"name\":\"Carrosserie Vannerum\",\"url\":\"https:\/\/vannerum.be\/fr\/\",\"logo\":{\"@type\":\"ImageObject\",\"inLanguage\":\"fr-FR\",\"@id\":\"https:\/\/vannerum.be\/fr\/#\/schema\/logo\/image\/\",\"url\":\"https:\/\/vannerum.be\/wp-content\/uploads\/2021\/09\/logo.png\",\"contentUrl\":\"https:\/\/vannerum.be\/wp-content\/uploads\/2021\/09\/logo.png\",\"width\":150,\"height\":150,\"caption\":\"Carrosserie Vannerum\"},\"image\":{\"@id\":\"https:\/\/vannerum.be\/fr\/#\/schema\/logo\/image\/\"},\"sameAs\":[\"https:\/\/www.facebook.com\/Carrosserie-Vannerum-208004572550768\",\"https:\/\/www.instagram.com\/carrosserievannerum\/\"]}]}<\/script>\n<!-- \/ Yoast SEO plugin. -->","yoast_head_json":{"title":"service - Carrosserie Vannerum","robots":{"index":"index","follow":"follow","max-snippet":"max-snippet:-1","max-image-preview":"max-image-preview:large","max-video-preview":"max-video-preview:-1"},"canonical":"https:\/\/vannerum.be\/fr\/service\/","og_locale":"fr_FR","og_type":"article","og_title":"service - Carrosserie Vannerum","og_description":"La Carrosserie Vannerum a \u00e9t\u00e9\u00a0fond\u00e9e en 1983\u00a0par Marc Vannerum et Carina Carlier. L&rsquo;atelier initiale a \u00e9t\u00e9 vendu et les activit\u00e9s on \u00e9t\u00e9 transf\u00e9r\u00e9 dans un b\u00e2timent industriel situ\u00e9 \u00e0 Zellik. Ce site a d\u00e9j\u00e0 \u00e9t\u00e9 agrandi \u00e0 deux reprises.\u00a0Dans l\u2019intervalle, la Carrosserie est devenue une v\u00e9ritable\u00a0entreprise familiale\u00a0\u00e0 pr\u00e9sent que le fils Johan et sa fianc\u00e9e [&hellip;]","og_url":"https:\/\/vannerum.be\/fr\/service\/","og_site_name":"Carrosserie Vannerum","article_publisher":"https:\/\/www.facebook.com\/Carrosserie-Vannerum-208004572550768","article_modified_time":"2021-09-28T14:01:21+00:00","og_image":[{"url":"https:\/\/vannerum.be\/wp-content\/uploads\/2021\/09\/gratisVVA_FR.png","type":"","width":"","height":""}],"twitter_card":"summary_large_image","twitter_misc":{"Dur\u00e9e de lecture estim\u00e9e":"3 minutes"},"schema":{"@context":"https:\/\/schema.org","@graph":[{"@type":"WebPage","@id":"https:\/\/vannerum.be\/fr\/service\/","url":"https:\/\/vannerum.be\/fr\/service\/","name":"service - Carrosserie Vannerum","isPartOf":{"@id":"https:\/\/vannerum.be\/fr\/#website"},"primaryImageOfPage":{"@id":"https:\/\/vannerum.be\/fr\/service\/#primaryimage"},"image":{"@id":"https:\/\/vannerum.be\/fr\/service\/#primaryimage"},"thumbnailUrl":"https:\/\/vannerum.be\/wp-content\/uploads\/2021\/09\/gratisVVA_FR.png","datePublished":"2021-09-27T12:14:54+00:00","dateModified":"2021-09-28T14:01:21+00:00","breadcrumb":{"@id":"https:\/\/vannerum.be\/fr\/service\/#breadcrumb"},"inLanguage":"fr-FR","potentialAction":[{"@type":"ReadAction","target":["https:\/\/vannerum.be\/fr\/service\/"]}]},{"@type":"ImageObject","inLanguage":"fr-FR","@id":"https:\/\/vannerum.be\/fr\/service\/#primaryimage","url":"https:\/\/vannerum.be\/wp-content\/uploads\/2021\/09\/gratisVVA_FR.png","contentUrl":"https:\/\/vannerum.be\/wp-content\/uploads\/2021\/09\/gratisVVA_FR.png"},{"@type":"BreadcrumbList","@id":"https:\/\/vannerum.be\/fr\/service\/#breadcrumb","itemListElement":[{"@type":"ListItem","position":1,"name":"Home","item":"https:\/\/vannerum.be\/fr\/"},{"@type":"ListItem","position":2,"name":"service"}]},{"@type":"WebSite","@id":"https:\/\/vannerum.be\/fr\/#website","url":"https:\/\/vannerum.be\/fr\/","name":"Carrosserie Vannerum","description":"Herstelling alle merken! Een personenwagen, een bestelwagen, een vrachtwagen, een autobus of een helikopter.  Iedereen is welkom bij ons en elk voertuig wordt volgens de regels van de kunst hersteld, en dat al meer dan 33 jaar!","publisher":{"@id":"https:\/\/vannerum.be\/fr\/#organization"},"potentialAction":[{"@type":"SearchAction","target":{"@type":"EntryPoint","urlTemplate":"https:\/\/vannerum.be\/fr\/?s={search_term_string}"},"query-input":{"@type":"PropertyValueSpecification","valueRequired":true,"valueName":"search_term_string"}}],"inLanguage":"fr-FR"},{"@type":"Organization","@id":"https:\/\/vannerum.be\/fr\/#organization","name":"Carrosserie Vannerum","url":"https:\/\/vannerum.be\/fr\/","logo":{"@type":"ImageObject","inLanguage":"fr-FR","@id":"https:\/\/vannerum.be\/fr\/#\/schema\/logo\/image\/","url":"https:\/\/vannerum.be\/wp-content\/uploads\/2021\/09\/logo.png","contentUrl":"https:\/\/vannerum.be\/wp-content\/uploads\/2021\/09\/logo.png","width":150,"height":150,"caption":"Carrosserie Vannerum"},"image":{"@id":"https:\/\/vannerum.be\/fr\/#\/schema\/logo\/image\/"},"sameAs":["https:\/\/www.facebook.com\/Carrosserie-Vannerum-208004572550768","https:\/\/www.instagram.com\/carrosserievannerum\/"]}]}},"_links":{"self":[{"href":"https:\/\/vannerum.be\/fr\/wp-json\/wp\/v2\/pages\/489","targetHints":{"allow":["GET"]}}],"collection":[{"href":"https:\/\/vannerum.be\/fr\/wp-json\/wp\/v2\/pages"}],"about":[{"href":"https:\/\/vannerum.be\/fr\/wp-json\/wp\/v2\/types\/page"}],"author":[{"embeddable":true,"href":"https:\/\/vannerum.be\/fr\/wp-json\/wp\/v2\/users\/1"}],"replies":[{"embeddable":true,"href":"https:\/\/vannerum.be\/fr\/wp-json\/wp\/v2\/comments?post=489"}],"version-history":[{"count":0,"href":"https:\/\/vannerum.be\/fr\/wp-json\/wp\/v2\/pages\/489\/revisions"}],"wp:attachment":[{"href":"https:\/\/vannerum.be\/fr\/wp-json\/wp\/v2\/media?parent=489"}],"curies":[{"name":"wp","href":"https:\/\/api.w.org\/{rel}","templated":true}]}}