{"id":482,"date":"2021-09-23T16:21:10","date_gmt":"2021-09-23T14:21:10","guid":{"rendered":"https:\/\/vannerum.be\/home\/"},"modified":"2021-09-29T11:15:44","modified_gmt":"2021-09-29T09:15:44","slug":"home","status":"publish","type":"page","link":"https:\/\/vannerum.be\/fr\/","title":{"rendered":"Home"},"content":{"rendered":"<h1>Bienvenue \u00e0 la\u00a0Carrosserie Vannerum<\/h1>\n<p>Bienvenue \u00e0 la Carrosserie Vannerum!<br \/>\nVoiture, camion, autobus ou h\u00e9licopt\u00e8re : tous les v\u00e9hicules sont les bienvenus chez nous et sont r\u00e9par\u00e9s dans les r\u00e8gles de l&rsquo;art, depuis plus de 33 ans.<br \/>\nUne exp\u00e9rience impressionnante qui nous permet justement de vous offrir un service irr\u00e9prochable \u00e0 un prix honn\u00eate.<br \/>\nChez nous, votre v\u00e9hicule est entre de bonnes mains. Pour vous en convaincre, venez jeter un coup d&rsquo;oeil \u00e0 nos ateliers.<\/p>\n","protected":false},"excerpt":{"rendered":"<p>Bienvenue \u00e0 la\u00a0Carrosserie Vannerum Bienvenue \u00e0 la Carrosserie Vannerum! Voiture, camion, autobus ou h\u00e9licopt\u00e8re : tous les v\u00e9hicules sont les bienvenus chez nous et sont r\u00e9par\u00e9s dans les r\u00e8gles de l&rsquo;art, depuis plus de 33 ans. Une exp\u00e9rience impressionnante qui nous permet justement de vous offrir un service irr\u00e9prochable \u00e0 un prix honn\u00eate. Chez nous, [&hellip;]<\/p>\n","protected":false},"author":1,"featured_media":0,"parent":0,"menu_order":0,"comment_status":"closed","ping_status":"closed","template":"","meta":{"_acf_changed":false,"inline_featured_image":false,"footnotes":""},"class_list":["post-482","page","type-page","status-publish","hentry"],"acf":[],"yoast_head":"<!-- This site is optimized with the Yoast SEO plugin v27.0 - https:\/\/yoast.com\/product\/yoast-seo-wordpress\/ -->\n<title>Home - Carrosserie Vannerum<\/title>\n<meta name=\"robots\" content=\"index, follow, max-snippet:-1, max-image-preview:large, max-video-preview:-1\" \/>\n<link rel=\"canonical\" href=\"https:\/\/vannerum.be\/fr\/\" \/>\n<meta property=\"og:locale\" content=\"fr_FR\" \/>\n<meta property=\"og:type\" content=\"article\" \/>\n<meta property=\"og:title\" content=\"Home - Carrosserie Vannerum\" \/>\n<meta property=\"og:description\" content=\"Bienvenue \u00e0 la\u00a0Carrosserie Vannerum Bienvenue \u00e0 la Carrosserie Vannerum! Voiture, camion, autobus ou h\u00e9licopt\u00e8re : tous les v\u00e9hicules sont les bienvenus chez nous et sont r\u00e9par\u00e9s dans les r\u00e8gles de l&rsquo;art, depuis plus de 33 ans. Une exp\u00e9rience impressionnante qui nous permet justement de vous offrir un service irr\u00e9prochable \u00e0 un prix honn\u00eate. Chez nous, [&hellip;]\" \/>\n<meta property=\"og:url\" content=\"https:\/\/vannerum.be\/fr\/\" \/>\n<meta property=\"og:site_name\" content=\"Carrosserie Vannerum\" \/>\n<meta property=\"article:publisher\" content=\"https:\/\/www.facebook.com\/Carrosserie-Vannerum-208004572550768\" \/>\n<meta property=\"article:modified_time\" content=\"2021-09-29T09:15:44+00:00\" \/>\n<meta name=\"twitter:card\" content=\"summary_large_image\" \/>\n<meta name=\"twitter:label1\" content=\"Dur\u00e9e de lecture estim\u00e9e\" \/>\n\t<meta name=\"twitter:data1\" content=\"1 minute\" \/>\n<script type=\"application\/ld+json\" class=\"yoast-schema-graph\">{\"@context\":\"https:\/\/schema.org\",\"@graph\":[{\"@type\":\"WebPage\",\"@id\":\"https:\/\/vannerum.be\/fr\/\",\"url\":\"https:\/\/vannerum.be\/fr\/\",\"name\":\"Home - Carrosserie Vannerum\",\"isPartOf\":{\"@id\":\"https:\/\/vannerum.be\/fr\/#website\"},\"datePublished\":\"2021-09-23T14:21:10+00:00\",\"dateModified\":\"2021-09-29T09:15:44+00:00\",\"breadcrumb\":{\"@id\":\"https:\/\/vannerum.be\/fr\/#breadcrumb\"},\"inLanguage\":\"fr-FR\",\"potentialAction\":[{\"@type\":\"ReadAction\",\"target\":[\"https:\/\/vannerum.be\/fr\/\"]}]},{\"@type\":\"BreadcrumbList\",\"@id\":\"https:\/\/vannerum.be\/fr\/#breadcrumb\",\"itemListElement\":[{\"@type\":\"ListItem\",\"position\":1,\"name\":\"Home\",\"item\":\"https:\/\/vannerum.be\/fr\/\"},{\"@type\":\"ListItem\",\"position\":2,\"name\":\"Home\"}]},{\"@type\":\"WebSite\",\"@id\":\"https:\/\/vannerum.be\/fr\/#website\",\"url\":\"https:\/\/vannerum.be\/fr\/\",\"name\":\"Carrosserie Vannerum\",\"description\":\"Herstelling alle merken! Een personenwagen, een bestelwagen, een vrachtwagen, een autobus of een helikopter.  Iedereen is welkom bij ons en elk voertuig wordt volgens de regels van de kunst hersteld, en dat al meer dan 33 jaar!\",\"publisher\":{\"@id\":\"https:\/\/vannerum.be\/fr\/#organization\"},\"potentialAction\":[{\"@type\":\"SearchAction\",\"target\":{\"@type\":\"EntryPoint\",\"urlTemplate\":\"https:\/\/vannerum.be\/fr\/?s={search_term_string}\"},\"query-input\":{\"@type\":\"PropertyValueSpecification\",\"valueRequired\":true,\"valueName\":\"search_term_string\"}}],\"inLanguage\":\"fr-FR\"},{\"@type\":\"Organization\",\"@id\":\"https:\/\/vannerum.be\/fr\/#organization\",\"name\":\"Carrosserie Vannerum\",\"url\":\"https:\/\/vannerum.be\/fr\/\",\"logo\":{\"@type\":\"ImageObject\",\"inLanguage\":\"fr-FR\",\"@id\":\"https:\/\/vannerum.be\/fr\/#\/schema\/logo\/image\/\",\"url\":\"https:\/\/vannerum.be\/wp-content\/uploads\/2021\/09\/logo.png\",\"contentUrl\":\"https:\/\/vannerum.be\/wp-content\/uploads\/2021\/09\/logo.png\",\"width\":150,\"height\":150,\"caption\":\"Carrosserie Vannerum\"},\"image\":{\"@id\":\"https:\/\/vannerum.be\/fr\/#\/schema\/logo\/image\/\"},\"sameAs\":[\"https:\/\/www.facebook.com\/Carrosserie-Vannerum-208004572550768\",\"https:\/\/www.instagram.com\/carrosserievannerum\/\"]}]}<\/script>\n<!-- \/ Yoast SEO plugin. -->","yoast_head_json":{"title":"Home - Carrosserie Vannerum","robots":{"index":"index","follow":"follow","max-snippet":"max-snippet:-1","max-image-preview":"max-image-preview:large","max-video-preview":"max-video-preview:-1"},"canonical":"https:\/\/vannerum.be\/fr\/","og_locale":"fr_FR","og_type":"article","og_title":"Home - Carrosserie Vannerum","og_description":"Bienvenue \u00e0 la\u00a0Carrosserie Vannerum Bienvenue \u00e0 la Carrosserie Vannerum! Voiture, camion, autobus ou h\u00e9licopt\u00e8re : tous les v\u00e9hicules sont les bienvenus chez nous et sont r\u00e9par\u00e9s dans les r\u00e8gles de l&rsquo;art, depuis plus de 33 ans. Une exp\u00e9rience impressionnante qui nous permet justement de vous offrir un service irr\u00e9prochable \u00e0 un prix honn\u00eate. Chez nous, [&hellip;]","og_url":"https:\/\/vannerum.be\/fr\/","og_site_name":"Carrosserie Vannerum","article_publisher":"https:\/\/www.facebook.com\/Carrosserie-Vannerum-208004572550768","article_modified_time":"2021-09-29T09:15:44+00:00","twitter_card":"summary_large_image","twitter_misc":{"Dur\u00e9e de lecture estim\u00e9e":"1 minute"},"schema":{"@context":"https:\/\/schema.org","@graph":[{"@type":"WebPage","@id":"https:\/\/vannerum.be\/fr\/","url":"https:\/\/vannerum.be\/fr\/","name":"Home - Carrosserie Vannerum","isPartOf":{"@id":"https:\/\/vannerum.be\/fr\/#website"},"datePublished":"2021-09-23T14:21:10+00:00","dateModified":"2021-09-29T09:15:44+00:00","breadcrumb":{"@id":"https:\/\/vannerum.be\/fr\/#breadcrumb"},"inLanguage":"fr-FR","potentialAction":[{"@type":"ReadAction","target":["https:\/\/vannerum.be\/fr\/"]}]},{"@type":"BreadcrumbList","@id":"https:\/\/vannerum.be\/fr\/#breadcrumb","itemListElement":[{"@type":"ListItem","position":1,"name":"Home","item":"https:\/\/vannerum.be\/fr\/"},{"@type":"ListItem","position":2,"name":"Home"}]},{"@type":"WebSite","@id":"https:\/\/vannerum.be\/fr\/#website","url":"https:\/\/vannerum.be\/fr\/","name":"Carrosserie Vannerum","description":"Herstelling alle merken! Een personenwagen, een bestelwagen, een vrachtwagen, een autobus of een helikopter.  Iedereen is welkom bij ons en elk voertuig wordt volgens de regels van de kunst hersteld, en dat al meer dan 33 jaar!","publisher":{"@id":"https:\/\/vannerum.be\/fr\/#organization"},"potentialAction":[{"@type":"SearchAction","target":{"@type":"EntryPoint","urlTemplate":"https:\/\/vannerum.be\/fr\/?s={search_term_string}"},"query-input":{"@type":"PropertyValueSpecification","valueRequired":true,"valueName":"search_term_string"}}],"inLanguage":"fr-FR"},{"@type":"Organization","@id":"https:\/\/vannerum.be\/fr\/#organization","name":"Carrosserie Vannerum","url":"https:\/\/vannerum.be\/fr\/","logo":{"@type":"ImageObject","inLanguage":"fr-FR","@id":"https:\/\/vannerum.be\/fr\/#\/schema\/logo\/image\/","url":"https:\/\/vannerum.be\/wp-content\/uploads\/2021\/09\/logo.png","contentUrl":"https:\/\/vannerum.be\/wp-content\/uploads\/2021\/09\/logo.png","width":150,"height":150,"caption":"Carrosserie Vannerum"},"image":{"@id":"https:\/\/vannerum.be\/fr\/#\/schema\/logo\/image\/"},"sameAs":["https:\/\/www.facebook.com\/Carrosserie-Vannerum-208004572550768","https:\/\/www.instagram.com\/carrosserievannerum\/"]}]}},"_links":{"self":[{"href":"https:\/\/vannerum.be\/fr\/wp-json\/wp\/v2\/pages\/482","targetHints":{"allow":["GET"]}}],"collection":[{"href":"https:\/\/vannerum.be\/fr\/wp-json\/wp\/v2\/pages"}],"about":[{"href":"https:\/\/vannerum.be\/fr\/wp-json\/wp\/v2\/types\/page"}],"author":[{"embeddable":true,"href":"https:\/\/vannerum.be\/fr\/wp-json\/wp\/v2\/users\/1"}],"replies":[{"embeddable":true,"href":"https:\/\/vannerum.be\/fr\/wp-json\/wp\/v2\/comments?post=482"}],"version-history":[{"count":0,"href":"https:\/\/vannerum.be\/fr\/wp-json\/wp\/v2\/pages\/482\/revisions"}],"wp:attachment":[{"href":"https:\/\/vannerum.be\/fr\/wp-json\/wp\/v2\/media?parent=482"}],"curies":[{"name":"wp","href":"https:\/\/api.w.org\/{rel}","templated":true}]}}